






{"id":3879,"date":"2024-05-20T14:43:59","date_gmt":"2024-05-20T07:43:59","guid":{"rendered":"https:\/\/innolivingusa.com\/?page_id=3879"},"modified":"2024-07-08T15:47:00","modified_gmt":"2024-07-08T08:47:00","slug":"chinh-sach-bao-hanh","status":"publish","type":"page","link":"https:\/\/innolivingusa.com\/en\/warranty-policy\/","title":{"rendered":"Warranty Policy"},"content":{"rendered":"<div data-elementor-type=\"wp-page\" data-elementor-id=\"3879\" class=\"elementor elementor-3879\" data-elementor-post-type=\"page\">\n\t\t\t\t<div class=\"elementor-element elementor-element-831ae82 e-flex e-con-boxed e-con e-parent\" data-id=\"831ae82\" data-element_type=\"container\" data-core-v316-plus=\"true\">\n\t\t\t\t\t<div class=\"e-con-inner\">\n\t\t\t\t<div class=\"elementor-element elementor-element-5b0732c elementor-widget elementor-widget-heading\" data-id=\"5b0732c\" data-element_type=\"widget\" data-widget_type=\"heading.default\">\n\t\t\t\t<div class=\"elementor-widget-container\">\n\t\t\t<style>\/*! elementor - v3.20.0 - 26-03-2024 *\/\n.elementor-heading-title{padding:0;margin:0;line-height:1}.elementor-widget-heading .elementor-heading-title[class*=elementor-size-]>a{color:inherit;font-size:inherit;line-height:inherit}.elementor-widget-heading .elementor-heading-title.elementor-size-small{font-size:15px}.elementor-widget-heading .elementor-heading-title.elementor-size-medium{font-size:19px}.elementor-widget-heading .elementor-heading-title.elementor-size-large{font-size:29px}.elementor-widget-heading .elementor-heading-title.elementor-size-xl{font-size:39px}.elementor-widget-heading .elementor-heading-title.elementor-size-xxl{font-size:59px}<\/style><h2 class=\"elementor-heading-title elementor-size-default\">WARRANTY POLICY AND PROCEDURES AT INNOLIVING USA<\/h2>\t\t<\/div>\n\t\t\t\t<\/div>\n\t\t\t\t\t<\/div>\n\t\t\t\t<\/div>\n\t\t<div class=\"elementor-element elementor-element-5067b98 e-flex e-con-boxed e-con e-parent\" data-id=\"5067b98\" data-element_type=\"container\" data-settings=\"{&quot;background_background&quot;:&quot;classic&quot;}\" data-core-v316-plus=\"true\">\n\t\t\t\t\t<div class=\"e-con-inner\">\n\t\t<div class=\"elementor-element elementor-element-c8d8353 e-flex e-con-boxed e-con e-child\" data-id=\"c8d8353\" data-element_type=\"container\" data-settings=\"{&quot;background_background&quot;:&quot;classic&quot;}\">\n\t\t\t\t\t<div class=\"e-con-inner\">\n\t\t\t\t<div class=\"elementor-element elementor-element-072e1f3 elementor-widget elementor-widget-text-editor\" data-id=\"072e1f3\" data-element_type=\"widget\" data-widget_type=\"text-editor.default\">\n\t\t\t\t<div class=\"elementor-widget-container\">\n\t\t\t<style>\/*! elementor - v3.20.0 - 26-03-2024 *\/\n.elementor-widget-text-editor.elementor-drop-cap-view-stacked .elementor-drop-cap{background-color:#69727d;color:#fff}.elementor-widget-text-editor.elementor-drop-cap-view-framed .elementor-drop-cap{color:#69727d;border:3px solid;background-color:transparent}.elementor-widget-text-editor:not(.elementor-drop-cap-view-default) .elementor-drop-cap{margin-top:8px}.elementor-widget-text-editor:not(.elementor-drop-cap-view-default) .elementor-drop-cap-letter{width:1em;height:1em}.elementor-widget-text-editor .elementor-drop-cap{float:left;text-align:center;line-height:1;font-size:50px}.elementor-widget-text-editor .elementor-drop-cap-letter{display:inline-block}<\/style>\t\t\t\t<p style=\"text-align: center;\"><span style=\"color: #0c5953; font-size: 20px;\"><strong>INNOLIVING USA WARRANTY POLICY<\/strong><\/span><br \/><span style=\"color: #0c5953; font-size: 20px;\"><strong>Warranty Policy for ROBOT Ionized Alkaline Water Purifiers US Series<\/strong><\/span><\/p><p><span style=\"color: #0c5953; font-size: 20px;\"><strong>1. Product Warranty Policy<\/strong><\/span><\/p><p><strong><span style=\"font-size: 18px;\">1.1 Warranty Period: <\/span><\/strong><br \/><span style=\"font-size: 18px;\">\u2013 6 years for the electrolytic chamber<\/span><br \/><span style=\"font-size: 18px;\">\u2013 2 years for the product<\/span><\/p><p><strong><span style=\"font-size: 18px;\">1.2 Warranty Conditions: <\/span><\/strong><\/p><p><span style=\"font-size: 18px;\">\u2013 The warranty starts from the date of purchase. <\/span><\/p><p><span style=\"font-size: 18px;\">\u2013 During the warranty period, we will cover 100% of labor and replacement material costs. After the warranty period, the buyer is responsible for technical support fees and material costs (if any).<\/span><\/p><p><span style=\"font-size: 18px;\">\u2013 Warranty only applies to specific parts and items that are defective. Warranty items must be shipped with prepaid freight insurance and properly packaged to INNOLIVING USA LLC at 15708 Orange Harvest Loop - Winter Garden, FL 34787.<\/span><\/p><p><span style=\"font-size: 18px;\">\u2013 INNOLIVING USA LLC covers all shipping costs for warranty exchanges within the first 30 days from the date of purchase. After this period, the buyer bears the shipping costs for both ways of the warranty exchange. The buyer is responsible for all shipping costs outside the USA. <\/span><\/p><p><span style=\"font-size: 18px;\">&#8211; <strong>The warranty does not cover:<\/strong><\/span><\/p><p><span style=\"font-size: 18px;\">\u00a0 \u00a0 \u2666\u00a0Damages due to environmental factors including (but not limited to) mineral deposits from hard water or high iron content, poor or untreated water quality, bacterial contamination, or sudden changes in power supply.<\/span><\/p><p><span style=\"font-size: 18px;\">\u00a0 \u00a0 \u2666\u00a0Damages from using non-genuine filters, membranes, or booster pumps.<\/span><\/p><p><span style=\"font-size: 18px;\">\u00a0 \u00a0 \u2666\u00a0Damage due to misuse, improper installation, unauthorized commercial use.<\/span><\/p><p><span style=\"font-size: 18px;\">\u00a0 \u00a0 \u2666\u00a0Damage due to repairs performed by anyone other than INNOLIVING USA LLC technicians.<\/span><\/p><p><span style=\"font-size: 18px;\">\u00a0 \u00a0\u2666 The warranty does not apply to consumables, filtration media, sediment filters, products, or components damaged by negligence, misuse, accidents, alterations, freezing, acts of nature, fire, flood, insect damage, water temperature exceeding 1000F, vacuum, or any other factors beyond normal operation and source water issues. <\/span><\/p><p><span style=\"font-size: 18px;\">\u00a0 \u00a0 \u2666\u00a0Other damages caused by user error.<\/span><\/p><p><span style=\"font-size: 18px;\">\u00a0 \u00a0 \u2666 Services related to ROBOT Ionized Alkaline Water Purifiers whose parts are no longer manufactured or supplied.<\/span><\/p><p><span style=\"font-size: 18px;\">\u00a0 \u00a0\u2666 Warranty does not apply to products made to the buyer's specific design or specifications. The warranty is void if the buyer does not fully comply with the product installation instructions or performs unauthorized maintenance. <\/span><\/p><p><span style=\"font-size: 18px;\">\u00a0 \u00a0\u2666 The warranty does not apply to damages incurred during shipping. We guarantee that our products and components will be free from defects in materials and workmanship under normal use.<\/span><\/p><p><span style=\"color: #0c5953; font-size: 20px;\"><strong>2. 30-Day Money-Back Policy<\/strong><\/span><\/p><p><span style=\"font-size: 18px;\">We invite you to experience the enhanced living with the ROBOT Ionized Alkaline Water Purifier. We believe you will be satisfied. <\/span><\/p><p><span style=\"font-size: 18px;\">For ROBOT Ionized Alkaline Water Purifiers US series purchased through this website, we offer a 30-day money-back guarantee. If you wish to return the unit within the first 30 days, we will refund the full amount if the product is 100% new, unused, and in its original packaging.<\/span><\/p><p><span style=\"font-size: 18px;\">If you have used the machine and it is still in \"LIKE NEW\" condition, we will charge a fixed fee of $199 (unlike many companies that charge 15% or $300 - $800, depending on the price of the machine). \"LIKE NEW\" means the product has no scratches, damage, or breakage and is returned fully operational, in the original box, with all hoses, connections, components, manuals, etc. You will be refunded the amount paid, minus the fixed fee of $199. Additionally, you bear the return shipping costs, and initial shipping fees (if any) will not be refunded.<\/span><\/p><p><span style=\"font-size: 18px;\">Please note that all purchases of customized ROBOT Ionized Alkaline Water Purifiers US series (custom colors, specifications) are non-exchangeable and non-refundable.<\/span><\/p><p><span style=\"color: #0c5953; font-size: 20px;\"><strong>3. Product Exchange Policy<\/strong><\/span><\/p><p><strong><span style=\"font-size: 18px;\">3.1. For Unused Products:<\/span><\/strong><\/p><p><span style=\"font-size: 18px;\">You may exchange the product for a different model if it is 100% new, unused, in original packaging, and verified by INNOLIVING USA LLC technicians.<\/span><\/p><p><span style=\"font-size: 18px;\">The buyer bears the two-way shipping costs for the exchange, and initial shipping fees (if any) will not be refunded.<\/span><br \/><span style=\"font-size: 18px;\">The product exchange period is within 07 days from the date of receipt.<\/span><\/p><p><strong><span style=\"font-size: 18px;\">3.2. For Used Products:<\/span><\/strong><\/p><p><span style=\"font-size: 18px;\">\u2013 Customers may exchange the same type of product if an irreparable malfunction (due to a manufacturer defect) occurs. The product can only be exchanged after confirmation from the manufacturer\u2019s technician and compliance with the following conditions:<\/span><\/p><p><span style=\"font-size: 18px;\">\u00a0 \u00a0 \u2666 The product is confirmed as genuine (with a purchase invoice; identification tags, and electronic warranty registration).<\/span><\/p><p><span style=\"font-size: 18px;\">\u00a0 \u00a0 \u2666\u00a0The product must retain the manufacturer's original seals and warranty stickers, with all accessories, warranty cards (if any) intact.<\/span><\/p><p><span style=\"font-size: 18px;\">\u00a0 \u00a0 \u2666\u00a0Returned goods must have no physical damage (dents, scratches, discoloration, breaks...).<\/span><\/p><p><span style=\"font-size: 18px;\">\u00a0 \u00a0 \u2666\u00a0Exchange period: within 30 days from the date of purchase &amp; electronic warranty activation. <\/span><span style=\"font-size: 18px;\">B\u1ea3o h\u00e0nh \u0111i\u1ec7n t\u1eed.<\/span><\/p><p><span style=\"font-size: 18px;\">\u00a0 \u00a0 \u2666 Used products, past the exchange period (30 days), but still within the warranty period, that have been repaired more than 3 times within a month and still malfunctioning, will have their remaining value after depreciation assessed to agree on exchanging for a different product.<\/span><\/p><p><span style=\"font-size: 18px;\">\u00a0 \u00a0 \u2666\u00a0If the new product\u2019s value is lower or equal to the remaining value after depreciation of the exchanged product, no compensation for the difference (if any) is required between the parties.<\/span><\/p><p><span style=\"font-size: 18px;\">\u00a0 \u00a0 \u2666 If the new product\u2019s value is higher than the remaining value after depreciation of the exchanged product, the buyer must pay the difference between the new product\u2019s value and the exchanged product\u2019s value after depreciation.<\/span><\/p><p><span style=\"font-size: 18px;\">\u00a0 \u00a0 \u00a0 \u2666 The warranty period for the exchanged product will continue from the previous product's used time.<\/span><\/p><p><strong><span style=\"font-size: 18px;\">3.3 Costs for Exchanging Products Within the Exchange Period<\/span><\/strong><\/p><p><span style=\"font-size: 18px;\">The new product may have a value lower, equal to, or higher than the exchanged product's value:<\/span><\/p><p><span style=\"font-size: 18px;\">If the new product\u2019s value is higher than the exchanged product's value, the buyer must pay the difference. <\/span><\/p><p><span style=\"font-size: 18px;\">If the new product\u2019s value is lower or equal to the exchanged product's value, no compensation for the difference (if any) is required between the parties.<\/span><\/p><p><span style=\"font-size: 18px;\">\u2013 The buyer bears the two-way shipping costs for the exchange, and initial shipping fees (if any) will not be refunded.<\/span><\/p><p><strong><span style=\"font-size: 18px;\">3.4 Cases Not Eligible for Exchange: <\/span><\/strong><\/p><p><span style=\"font-size: 18px;\">Using or operating the product not according to the manufacturer\u2019s instructions causing product damage<\/span><\/p><p><span style=\"font-size: 18px;\">Customers do not register for an electronic warranty; do not have purchase invoices and documents...<\/span><\/p><p><span style=\"font-size: 18px;\">Customers causing damage such as peeling, breakage, changing the shape, and operational principles of the product...<\/span><br \/><span style=\"font-size: 18px;\">No exchange for consumables like filters, filter cores, ...<\/span><\/p><p><span style=\"color: #0c5953; font-size: 20px;\"><strong>4. Exemption Clauses (or Other Terms)<\/strong><\/span><\/p><p><span style=\"font-size: 18px;\">\u2013 In any case, INNOLIVING USA LLC is not responsible or liable for any damage or defect in the product caused by repairs performed by anyone other than INNOLIVING USA LLC authorized service representatives. We are not responsible for any damages, including (but not limited to), lost time, inconvenience, any fees related to the repair or replacement of the product, direct or indirect damages, business loss or disruption, or any other monetary impact. INNOLIVING USA LLC's total liability under any warranty terms is limited to the actual amount the buyer paid for the product. <\/span><\/p><p><span style=\"font-size: 18px;\">\u2013 In any case, INNOLIVING USA LLC or our agents are not liable for any direct, indirect, incidental, or consequential damages to any property arising from the use of the ROBOT Ionized Alkaline Water Purifier US series with untreated or improperly treated hard water and\/or improper installation. Any tampering with the machine will void the warranty.<\/span><\/p><p><span style=\"font-size: 18px;\">\u2013 Damage claims are handled separately from the warranty. Damage claims must be submitted in writing, including a fully completed INNOLIVING USA LLC Damage Claim Form. To the extent permitted by applicable law, INNOLIVING USA LLC is not responsible for indirect damages.<\/span><\/p><p><span style=\"font-size: 18px;\">\u2013 No retailer, dealer, distributor, or any other person has the authority to make any warranty or representation concerning INNOLIVING USA LLC or the products we distribute. Therefore, INNOLIVING USA LLC is not responsible for any such warranties or representations.<\/span><\/p><p><span style=\"font-size: 18px;\">\u2013 This warranty policy is only valid for ROBOT Ionized Alkaline Water Purifiers US series products purchased and used in the USA. Any damage occurring outside the USA is not covered by the warranty. Using third-party filters will void the warranty.<\/span><\/p><p><span style=\"font-size: 18px;\">\u2013 This warranty policy is non-transferable unless EXPRESSLY AUTHORIZED IN WRITING by INNOLIVING USA LLC for warranty transfer. Even the seller's sales personnel or any other person are not authorized to extend or make any warranty beyond the time frame described herein on behalf of INNOLIVING USA LLC.<\/span><\/p><p><span style=\"font-size: 18px;\">\u2013 The warranties described herein are issued by INNOLIVING USA LLC and will be the sole remedy and compensation for the buyer. The repair of defects, in the manner and time described herein, will constitute full satisfaction of all claims, whether based on contract, negligence, strict liability, or other grounds.<\/span><\/p><p><span style=\"color: #0c5953; font-size: 20px;\"><strong>5. Warranty Location <\/strong><\/span><\/p><p><span style=\"font-size: 18px;\">\u2013 Warranty items must be shipped with prepaid freight insurance and properly packaged to INNOLIVING USA LLC at 15708 Orange Harvest Loop - Winter Garden, FL 34787.<\/span><br \/><span style=\"font-size: 18px;\">\u2013 Contact INNOLIVING USA LLC for advice on the product's suitability for your needs or to discuss any other issues: Email info@innolivingusa.com<\/span><\/p>\t\t\t\t\t\t<\/div>\n\t\t\t\t<\/div>\n\t\t\t\t\t<\/div>\n\t\t\t\t<\/div>\n\t\t\t\t\t<\/div>\n\t\t\t\t<\/div>\n\t\t\t\t<\/div>","protected":false},"excerpt":{"rendered":"<p>CH\u00cdNH S\u00c1CH V\u00c0 QUY TR\u00ccNH B\u1ea2O H\u00c0NH T\u1ea0I INNOLIVING USA CH\u00cdNH S\u00c1CH B\u1ea2O H\u00c0NHM\u00e1y l\u1ecdc n\u01b0\u1edbc \u0111i\u1ec7n gi\u1ea3i ion ki\u1ec1m ROBOT d\u00f2ng US 1. Chi\u0301nh sa\u0301ch B\u1ea3o h\u00e0nh s\u1ea3n ph\u1ea9m 1.1 Th\u1eddi gian b\u1ea3o h\u00e0nh: &#8211; 06 n\u0103m cho bu\u1ed3ng \u0111i\u1ec7n ph\u00e2n&#8211; 02 n\u0103m cho s\u1ea3n ph\u1ea9m 1.2 \u0110i\u1ec1u ki\u1ec7n B\u1ea3o h\u00e0nh: &#8211; B\u1ea3o h\u00e0nh [&hellip;]<\/p>","protected":false},"author":1,"featured_media":0,"parent":0,"menu_order":0,"comment_status":"closed","ping_status":"closed","template":"elementor_header_footer","meta":{"_acf_changed":false,"footnotes":""},"acf":[],"yoast_head":"<!-- This site is optimized with the Yoast SEO plugin v22.3 - https:\/\/yoast.com\/wordpress\/plugins\/seo\/ -->\n<title>Ch\u00ednh s\u00e1ch b\u1ea3o h\u00e0nh - INNOLIVING USA<\/title>\n<meta name=\"robots\" content=\"noindex, follow, max-snippet:-1, max-image-preview:large, max-video-preview:-1\" \/>\n<meta property=\"og:locale\" content=\"en_US\" \/>\n<meta property=\"og:type\" content=\"article\" \/>\n<meta property=\"og:title\" content=\"Ch\u00ednh s\u00e1ch b\u1ea3o h\u00e0nh - INNOLIVING USA\" \/>\n<meta property=\"og:description\" content=\"CH\u00cdNH S\u00c1CH V\u00c0 QUY TR\u00ccNH B\u1ea2O H\u00c0NH T\u1ea0I INNOLIVING USA CH\u00cdNH S\u00c1CH B\u1ea2O H\u00c0NHM\u00e1y l\u1ecdc n\u01b0\u1edbc \u0111i\u1ec7n gi\u1ea3i ion ki\u1ec1m ROBOT d\u00f2ng US 1. Chi\u0301nh sa\u0301ch B\u1ea3o h\u00e0nh s\u1ea3n ph\u1ea9m 1.1 Th\u1eddi gian b\u1ea3o h\u00e0nh: &#8211; 06 n\u0103m cho bu\u1ed3ng \u0111i\u1ec7n ph\u00e2n&#8211; 02 n\u0103m cho s\u1ea3n ph\u1ea9m 1.2 \u0110i\u1ec1u ki\u1ec7n B\u1ea3o h\u00e0nh: &#8211; B\u1ea3o h\u00e0nh [&hellip;]\" \/>\n<meta property=\"og:url\" content=\"https:\/\/innolivingusa.com\/en\/warranty-policy\/\" \/>\n<meta property=\"og:site_name\" content=\"INNOLIVING USA\" \/>\n<meta property=\"article:modified_time\" content=\"2024-07-08T08:47:00+00:00\" \/>\n<meta name=\"twitter:card\" content=\"summary_large_image\" \/>\n<meta name=\"twitter:label1\" content=\"Est. reading time\" \/>\n\t<meta name=\"twitter:data1\" content=\"12 minutes\" \/>\n<script type=\"application\/ld+json\" class=\"yoast-schema-graph\">{\"@context\":\"https:\/\/schema.org\",\"@graph\":[{\"@type\":\"WebPage\",\"@id\":\"https:\/\/innolivingusa.com\/chinh-sach-bao-hanh\/\",\"url\":\"https:\/\/innolivingusa.com\/chinh-sach-bao-hanh\/\",\"name\":\"Ch\u00ednh s\u00e1ch b\u1ea3o h\u00e0nh - INNOLIVING USA\",\"isPartOf\":{\"@id\":\"https:\/\/innolivingusa.com\/#website\"},\"datePublished\":\"2024-05-20T07:43:59+00:00\",\"dateModified\":\"2024-07-08T08:47:00+00:00\",\"breadcrumb\":{\"@id\":\"https:\/\/innolivingusa.com\/chinh-sach-bao-hanh\/#breadcrumb\"},\"inLanguage\":\"en-US\",\"potentialAction\":[{\"@type\":\"ReadAction\",\"target\":[\"https:\/\/innolivingusa.com\/chinh-sach-bao-hanh\/\"]}]},{\"@type\":\"BreadcrumbList\",\"@id\":\"https:\/\/innolivingusa.com\/chinh-sach-bao-hanh\/#breadcrumb\",\"itemListElement\":[{\"@type\":\"ListItem\",\"position\":1,\"name\":\"Home\",\"item\":\"https:\/\/innolivingusa.com\/\"},{\"@type\":\"ListItem\",\"position\":2,\"name\":\"Ch\u00ednh s\u00e1ch b\u1ea3o h\u00e0nh\"}]},{\"@type\":\"WebSite\",\"@id\":\"https:\/\/innolivingusa.com\/#website\",\"url\":\"https:\/\/innolivingusa.com\/\",\"name\":\"INNOLIVING USA\",\"description\":\"INNOLIVING USA\",\"publisher\":{\"@id\":\"https:\/\/innolivingusa.com\/#organization\"},\"potentialAction\":[{\"@type\":\"SearchAction\",\"target\":{\"@type\":\"EntryPoint\",\"urlTemplate\":\"https:\/\/innolivingusa.com\/?s={search_term_string}\"},\"query-input\":\"required name=search_term_string\"}],\"inLanguage\":\"en-US\"},{\"@type\":\"Organization\",\"@id\":\"https:\/\/innolivingusa.com\/#organization\",\"name\":\"INNOLIVING USA\",\"url\":\"https:\/\/innolivingusa.com\/\",\"logo\":{\"@type\":\"ImageObject\",\"inLanguage\":\"en-US\",\"@id\":\"https:\/\/innolivingusa.com\/#\/schema\/logo\/image\/\",\"url\":\"https:\/\/innolivingusa.com\/wp-content\/uploads\/2024\/01\/logo-innolivingusa.png\",\"contentUrl\":\"https:\/\/innolivingusa.com\/wp-content\/uploads\/2024\/01\/logo-innolivingusa.png\",\"width\":1214,\"height\":614,\"caption\":\"INNOLIVING USA\"},\"image\":{\"@id\":\"https:\/\/innolivingusa.com\/#\/schema\/logo\/image\/\"}}]}<\/script>\n<!-- \/ Yoast SEO plugin. -->","yoast_head_json":{"title":"Ch\u00ednh s\u00e1ch b\u1ea3o h\u00e0nh - INNOLIVING USA","robots":{"index":"noindex","follow":"follow","max-snippet":"max-snippet:-1","max-image-preview":"max-image-preview:large","max-video-preview":"max-video-preview:-1"},"og_locale":"en_US","og_type":"article","og_title":"Ch\u00ednh s\u00e1ch b\u1ea3o h\u00e0nh - INNOLIVING USA","og_description":"CH\u00cdNH S\u00c1CH V\u00c0 QUY TR\u00ccNH B\u1ea2O H\u00c0NH T\u1ea0I INNOLIVING USA CH\u00cdNH S\u00c1CH B\u1ea2O H\u00c0NHM\u00e1y l\u1ecdc n\u01b0\u1edbc \u0111i\u1ec7n gi\u1ea3i ion ki\u1ec1m ROBOT d\u00f2ng US 1. Chi\u0301nh sa\u0301ch B\u1ea3o h\u00e0nh s\u1ea3n ph\u1ea9m 1.1 Th\u1eddi gian b\u1ea3o h\u00e0nh: &#8211; 06 n\u0103m cho bu\u1ed3ng \u0111i\u1ec7n ph\u00e2n&#8211; 02 n\u0103m cho s\u1ea3n ph\u1ea9m 1.2 \u0110i\u1ec1u ki\u1ec7n B\u1ea3o h\u00e0nh: &#8211; B\u1ea3o h\u00e0nh [&hellip;]","og_url":"https:\/\/innolivingusa.com\/en\/warranty-policy\/","og_site_name":"INNOLIVING USA","article_modified_time":"2024-07-08T08:47:00+00:00","twitter_card":"summary_large_image","twitter_misc":{"Est. reading time":"12 minutes"},"schema":{"@context":"https:\/\/schema.org","@graph":[{"@type":"WebPage","@id":"https:\/\/innolivingusa.com\/chinh-sach-bao-hanh\/","url":"https:\/\/innolivingusa.com\/chinh-sach-bao-hanh\/","name":"Ch\u00ednh s\u00e1ch b\u1ea3o h\u00e0nh - INNOLIVING USA","isPartOf":{"@id":"https:\/\/innolivingusa.com\/#website"},"datePublished":"2024-05-20T07:43:59+00:00","dateModified":"2024-07-08T08:47:00+00:00","breadcrumb":{"@id":"https:\/\/innolivingusa.com\/chinh-sach-bao-hanh\/#breadcrumb"},"inLanguage":"en-US","potentialAction":[{"@type":"ReadAction","target":["https:\/\/innolivingusa.com\/chinh-sach-bao-hanh\/"]}]},{"@type":"BreadcrumbList","@id":"https:\/\/innolivingusa.com\/chinh-sach-bao-hanh\/#breadcrumb","itemListElement":[{"@type":"ListItem","position":1,"name":"Home","item":"https:\/\/innolivingusa.com\/"},{"@type":"ListItem","position":2,"name":"Ch\u00ednh s\u00e1ch b\u1ea3o h\u00e0nh"}]},{"@type":"WebSite","@id":"https:\/\/innolivingusa.com\/#website","url":"https:\/\/innolivingusa.com\/","name":"INNOLIVING USA","description":"INNOLIVING USA","publisher":{"@id":"https:\/\/innolivingusa.com\/#organization"},"potentialAction":[{"@type":"SearchAction","target":{"@type":"EntryPoint","urlTemplate":"https:\/\/innolivingusa.com\/?s={search_term_string}"},"query-input":"required name=search_term_string"}],"inLanguage":"en-US"},{"@type":"Organization","@id":"https:\/\/innolivingusa.com\/#organization","name":"INNOLIVING USA","url":"https:\/\/innolivingusa.com\/","logo":{"@type":"ImageObject","inLanguage":"en-US","@id":"https:\/\/innolivingusa.com\/#\/schema\/logo\/image\/","url":"https:\/\/innolivingusa.com\/wp-content\/uploads\/2024\/01\/logo-innolivingusa.png","contentUrl":"https:\/\/innolivingusa.com\/wp-content\/uploads\/2024\/01\/logo-innolivingusa.png","width":1214,"height":614,"caption":"INNOLIVING USA"},"image":{"@id":"https:\/\/innolivingusa.com\/#\/schema\/logo\/image\/"}}]}},"_links":{"self":[{"href":"https:\/\/innolivingusa.com\/en\/wp-json\/wp\/v2\/pages\/3879"}],"collection":[{"href":"https:\/\/innolivingusa.com\/en\/wp-json\/wp\/v2\/pages"}],"about":[{"href":"https:\/\/innolivingusa.com\/en\/wp-json\/wp\/v2\/types\/page"}],"author":[{"embeddable":true,"href":"https:\/\/innolivingusa.com\/en\/wp-json\/wp\/v2\/users\/1"}],"replies":[{"embeddable":true,"href":"https:\/\/innolivingusa.com\/en\/wp-json\/wp\/v2\/comments?post=3879"}],"version-history":[{"count":28,"href":"https:\/\/innolivingusa.com\/en\/wp-json\/wp\/v2\/pages\/3879\/revisions"}],"predecessor-version":[{"id":5400,"href":"https:\/\/innolivingusa.com\/en\/wp-json\/wp\/v2\/pages\/3879\/revisions\/5400"}],"wp:attachment":[{"href":"https:\/\/innolivingusa.com\/en\/wp-json\/wp\/v2\/media?parent=3879"}],"curies":[{"name":"wp","href":"https:\/\/api.w.org\/{rel}","templated":true}]}}