






{"id":3900,"date":"2024-05-20T15:04:31","date_gmt":"2024-05-20T08:04:31","guid":{"rendered":"https:\/\/innolivingusa.com\/?page_id=3900"},"modified":"2024-05-20T15:07:07","modified_gmt":"2024-05-20T08:07:07","slug":"dieu-khoan-dich-vu","status":"publish","type":"page","link":"https:\/\/innolivingusa.com\/en\/terms-and-conditions\/","title":{"rendered":"\u0110i\u1ec1u kho\u1ea3n d\u1ecbch v\u1ee5"},"content":{"rendered":"<div data-elementor-type=\"wp-page\" data-elementor-id=\"3900\" class=\"elementor elementor-3900\" data-elementor-post-type=\"page\">\n\t\t\t\t<div class=\"elementor-element elementor-element-bfc5b9f e-flex e-con-boxed e-con e-parent\" data-id=\"bfc5b9f\" data-element_type=\"container\" data-core-v316-plus=\"true\">\n\t\t\t\t\t<div class=\"e-con-inner\">\n\t\t\t\t<div class=\"elementor-element elementor-element-937636a elementor-widget elementor-widget-heading\" data-id=\"937636a\" data-element_type=\"widget\" data-widget_type=\"heading.default\">\n\t\t\t\t<div class=\"elementor-widget-container\">\n\t\t\t<style>\/*! elementor - v3.20.0 - 26-03-2024 *\/\n.elementor-heading-title{padding:0;margin:0;line-height:1}.elementor-widget-heading .elementor-heading-title[class*=elementor-size-]>a{color:inherit;font-size:inherit;line-height:inherit}.elementor-widget-heading .elementor-heading-title.elementor-size-small{font-size:15px}.elementor-widget-heading .elementor-heading-title.elementor-size-medium{font-size:19px}.elementor-widget-heading .elementor-heading-title.elementor-size-large{font-size:29px}.elementor-widget-heading .elementor-heading-title.elementor-size-xl{font-size:39px}.elementor-widget-heading .elementor-heading-title.elementor-size-xxl{font-size:59px}<\/style><h2 class=\"elementor-heading-title elementor-size-default\">TERMS AND CONDITIONS<\/h2>\t\t<\/div>\n\t\t\t\t<\/div>\n\t\t\t\t\t<\/div>\n\t\t\t\t<\/div>\n\t\t<div class=\"elementor-element elementor-element-b84522a e-flex e-con-boxed e-con e-parent\" data-id=\"b84522a\" data-element_type=\"container\" data-settings=\"{&quot;background_background&quot;:&quot;classic&quot;}\" data-core-v316-plus=\"true\">\n\t\t\t\t\t<div class=\"e-con-inner\">\n\t\t<div class=\"elementor-element elementor-element-571624d e-flex e-con-boxed e-con e-child\" data-id=\"571624d\" data-element_type=\"container\" data-settings=\"{&quot;background_background&quot;:&quot;classic&quot;}\">\n\t\t\t\t\t<div class=\"e-con-inner\">\n\t\t\t\t<div class=\"elementor-element elementor-element-b8deaca elementor-widget elementor-widget-text-editor\" data-id=\"b8deaca\" data-element_type=\"widget\" data-widget_type=\"text-editor.default\">\n\t\t\t\t<div class=\"elementor-widget-container\">\n\t\t\t<style>\/*! elementor - v3.20.0 - 26-03-2024 *\/\n.elementor-widget-text-editor.elementor-drop-cap-view-stacked .elementor-drop-cap{background-color:#69727d;color:#fff}.elementor-widget-text-editor.elementor-drop-cap-view-framed .elementor-drop-cap{color:#69727d;border:3px solid;background-color:transparent}.elementor-widget-text-editor:not(.elementor-drop-cap-view-default) .elementor-drop-cap{margin-top:8px}.elementor-widget-text-editor:not(.elementor-drop-cap-view-default) .elementor-drop-cap-letter{width:1em;height:1em}.elementor-widget-text-editor .elementor-drop-cap{float:left;text-align:center;line-height:1;font-size:50px}.elementor-widget-text-editor .elementor-drop-cap-letter{display:inline-block}<\/style>\t\t\t\t<p><strong>1. Introduction<\/strong><\/p><p>Welcome to our website!<\/p><p>Welcome to the INNOLIVING USA website. By accessing our website, you agree to these terms. The website reserves the right to change, modify, add, or remove any part of these Terms of Sale at any time. Changes will be effective immediately upon posting on the website without prior notice. By continuing to use the website after changes are posted, you accept those changes. Please check back frequently to stay updated on our changes.<\/p><p>Please check regularly to stay updated with our latest changes.<\/p><p><strong>2. Website Usage Guidelines<\/strong><\/p><p>When accessing our website, customers must be at least 18 years old or use the site under the supervision of a parent or legal guardian. Customers must also ensure they have full legal capacity to conduct transactions in accordance with current America laws.<\/p><p>During the registration process, you agree to receive promotional emails from our website. If you no longer wish to receive these emails, you can opt out by clicking the link at the bottom of any promotional email.<\/p><p><strong>3. Secure and Convenient Payment<\/strong><\/p><p>Buyers can refer to the following payment methods and choose the one that best suits their needs:<\/p><p>Option 1: Direct payment (buyers receive goods at the seller's location).<br \/>Option 2: Payment upon delivery (COD \u2013 cash on delivery).<br \/>Option 3: Online payment via credit card or bank transfer.<\/p>\t\t\t\t\t\t<\/div>\n\t\t\t\t<\/div>\n\t\t\t\t\t<\/div>\n\t\t\t\t<\/div>\n\t\t\t\t\t<\/div>\n\t\t\t\t<\/div>\n\t\t\t\t<\/div>","protected":false},"excerpt":{"rendered":"<p>\u0110I\u1ec0U KHO\u1ea2N D\u1ecaCH V\u1ee4 1. Gi\u1edbi thi\u1ec7u Ch\u00e0o m\u1eebng qu\u00fd kh\u00e1ch h\u00e0ng \u0111\u1ebfn v\u1edbi website ch\u00fang t\u00f4i. Khi qu\u00fd kh\u00e1ch h\u00e0ng truy c\u1eadp v\u00e0o trang website c\u1ee7a ch\u00fang t\u00f4i c\u00f3 ngh\u0129a l\u00e0 qu\u00fd kh\u00e1ch \u0111\u1ed3ng \u00fd v\u1edbi c\u00e1c \u0111i\u1ec1u kho\u1ea3n n\u00e0y. Trang web c\u00f3 quy\u1ec1n thay \u0111\u1ed5i, ch\u1ec9nh s\u1eeda, th\u00eam ho\u1eb7c l\u01b0\u1ee3c b\u1ecf b\u1ea5t k\u1ef3 [&hellip;]<\/p>","protected":false},"author":1,"featured_media":0,"parent":0,"menu_order":0,"comment_status":"closed","ping_status":"closed","template":"elementor_header_footer","meta":{"_acf_changed":false,"footnotes":""},"acf":[],"yoast_head":"<!-- This site is optimized with the Yoast SEO plugin v22.3 - https:\/\/yoast.com\/wordpress\/plugins\/seo\/ -->\n<title>\u0110i\u1ec1u kho\u1ea3n d\u1ecbch v\u1ee5 - INNOLIVING USA<\/title>\n<meta name=\"robots\" content=\"noindex, follow, max-snippet:-1, max-image-preview:large, max-video-preview:-1\" \/>\n<meta property=\"og:locale\" content=\"en_US\" \/>\n<meta property=\"og:type\" content=\"article\" \/>\n<meta property=\"og:title\" content=\"\u0110i\u1ec1u kho\u1ea3n d\u1ecbch v\u1ee5 - INNOLIVING USA\" \/>\n<meta property=\"og:description\" content=\"\u0110I\u1ec0U KHO\u1ea2N D\u1ecaCH V\u1ee4 1. Gi\u1edbi thi\u1ec7u Ch\u00e0o m\u1eebng qu\u00fd kh\u00e1ch h\u00e0ng \u0111\u1ebfn v\u1edbi website ch\u00fang t\u00f4i. Khi qu\u00fd kh\u00e1ch h\u00e0ng truy c\u1eadp v\u00e0o trang website c\u1ee7a ch\u00fang t\u00f4i c\u00f3 ngh\u0129a l\u00e0 qu\u00fd kh\u00e1ch \u0111\u1ed3ng \u00fd v\u1edbi c\u00e1c \u0111i\u1ec1u kho\u1ea3n n\u00e0y. Trang web c\u00f3 quy\u1ec1n thay \u0111\u1ed5i, ch\u1ec9nh s\u1eeda, th\u00eam ho\u1eb7c l\u01b0\u1ee3c b\u1ecf b\u1ea5t k\u1ef3 [&hellip;]\" \/>\n<meta property=\"og:url\" content=\"https:\/\/innolivingusa.com\/en\/terms-and-conditions\/\" \/>\n<meta property=\"og:site_name\" content=\"INNOLIVING USA\" \/>\n<meta property=\"article:modified_time\" content=\"2024-05-20T08:07:07+00:00\" \/>\n<meta name=\"twitter:card\" content=\"summary_large_image\" \/>\n<meta name=\"twitter:label1\" content=\"Est. reading time\" \/>\n\t<meta name=\"twitter:data1\" content=\"2 minutes\" \/>\n<script type=\"application\/ld+json\" class=\"yoast-schema-graph\">{\"@context\":\"https:\/\/schema.org\",\"@graph\":[{\"@type\":\"WebPage\",\"@id\":\"https:\/\/innolivingusa.com\/dieu-khoan-dich-vu\/\",\"url\":\"https:\/\/innolivingusa.com\/dieu-khoan-dich-vu\/\",\"name\":\"\u0110i\u1ec1u kho\u1ea3n d\u1ecbch v\u1ee5 - INNOLIVING USA\",\"isPartOf\":{\"@id\":\"https:\/\/innolivingusa.com\/#website\"},\"datePublished\":\"2024-05-20T08:04:31+00:00\",\"dateModified\":\"2024-05-20T08:07:07+00:00\",\"breadcrumb\":{\"@id\":\"https:\/\/innolivingusa.com\/dieu-khoan-dich-vu\/#breadcrumb\"},\"inLanguage\":\"en-US\",\"potentialAction\":[{\"@type\":\"ReadAction\",\"target\":[\"https:\/\/innolivingusa.com\/dieu-khoan-dich-vu\/\"]}]},{\"@type\":\"BreadcrumbList\",\"@id\":\"https:\/\/innolivingusa.com\/dieu-khoan-dich-vu\/#breadcrumb\",\"itemListElement\":[{\"@type\":\"ListItem\",\"position\":1,\"name\":\"Home\",\"item\":\"https:\/\/innolivingusa.com\/\"},{\"@type\":\"ListItem\",\"position\":2,\"name\":\"\u0110i\u1ec1u kho\u1ea3n d\u1ecbch v\u1ee5\"}]},{\"@type\":\"WebSite\",\"@id\":\"https:\/\/innolivingusa.com\/#website\",\"url\":\"https:\/\/innolivingusa.com\/\",\"name\":\"INNOLIVING USA\",\"description\":\"INNOLIVING USA\",\"publisher\":{\"@id\":\"https:\/\/innolivingusa.com\/#organization\"},\"potentialAction\":[{\"@type\":\"SearchAction\",\"target\":{\"@type\":\"EntryPoint\",\"urlTemplate\":\"https:\/\/innolivingusa.com\/?s={search_term_string}\"},\"query-input\":\"required name=search_term_string\"}],\"inLanguage\":\"en-US\"},{\"@type\":\"Organization\",\"@id\":\"https:\/\/innolivingusa.com\/#organization\",\"name\":\"INNOLIVING USA\",\"url\":\"https:\/\/innolivingusa.com\/\",\"logo\":{\"@type\":\"ImageObject\",\"inLanguage\":\"en-US\",\"@id\":\"https:\/\/innolivingusa.com\/#\/schema\/logo\/image\/\",\"url\":\"https:\/\/innolivingusa.com\/wp-content\/uploads\/2024\/01\/logo-innolivingusa.png\",\"contentUrl\":\"https:\/\/innolivingusa.com\/wp-content\/uploads\/2024\/01\/logo-innolivingusa.png\",\"width\":1214,\"height\":614,\"caption\":\"INNOLIVING USA\"},\"image\":{\"@id\":\"https:\/\/innolivingusa.com\/#\/schema\/logo\/image\/\"}}]}<\/script>\n<!-- \/ Yoast SEO plugin. -->","yoast_head_json":{"title":"\u0110i\u1ec1u kho\u1ea3n d\u1ecbch v\u1ee5 - INNOLIVING USA","robots":{"index":"noindex","follow":"follow","max-snippet":"max-snippet:-1","max-image-preview":"max-image-preview:large","max-video-preview":"max-video-preview:-1"},"og_locale":"en_US","og_type":"article","og_title":"\u0110i\u1ec1u kho\u1ea3n d\u1ecbch v\u1ee5 - INNOLIVING USA","og_description":"\u0110I\u1ec0U KHO\u1ea2N D\u1ecaCH V\u1ee4 1. Gi\u1edbi thi\u1ec7u Ch\u00e0o m\u1eebng qu\u00fd kh\u00e1ch h\u00e0ng \u0111\u1ebfn v\u1edbi website ch\u00fang t\u00f4i. Khi qu\u00fd kh\u00e1ch h\u00e0ng truy c\u1eadp v\u00e0o trang website c\u1ee7a ch\u00fang t\u00f4i c\u00f3 ngh\u0129a l\u00e0 qu\u00fd kh\u00e1ch \u0111\u1ed3ng \u00fd v\u1edbi c\u00e1c \u0111i\u1ec1u kho\u1ea3n n\u00e0y. Trang web c\u00f3 quy\u1ec1n thay \u0111\u1ed5i, ch\u1ec9nh s\u1eeda, th\u00eam ho\u1eb7c l\u01b0\u1ee3c b\u1ecf b\u1ea5t k\u1ef3 [&hellip;]","og_url":"https:\/\/innolivingusa.com\/en\/terms-and-conditions\/","og_site_name":"INNOLIVING USA","article_modified_time":"2024-05-20T08:07:07+00:00","twitter_card":"summary_large_image","twitter_misc":{"Est. reading time":"2 minutes"},"schema":{"@context":"https:\/\/schema.org","@graph":[{"@type":"WebPage","@id":"https:\/\/innolivingusa.com\/dieu-khoan-dich-vu\/","url":"https:\/\/innolivingusa.com\/dieu-khoan-dich-vu\/","name":"\u0110i\u1ec1u kho\u1ea3n d\u1ecbch v\u1ee5 - INNOLIVING USA","isPartOf":{"@id":"https:\/\/innolivingusa.com\/#website"},"datePublished":"2024-05-20T08:04:31+00:00","dateModified":"2024-05-20T08:07:07+00:00","breadcrumb":{"@id":"https:\/\/innolivingusa.com\/dieu-khoan-dich-vu\/#breadcrumb"},"inLanguage":"en-US","potentialAction":[{"@type":"ReadAction","target":["https:\/\/innolivingusa.com\/dieu-khoan-dich-vu\/"]}]},{"@type":"BreadcrumbList","@id":"https:\/\/innolivingusa.com\/dieu-khoan-dich-vu\/#breadcrumb","itemListElement":[{"@type":"ListItem","position":1,"name":"Home","item":"https:\/\/innolivingusa.com\/"},{"@type":"ListItem","position":2,"name":"\u0110i\u1ec1u kho\u1ea3n d\u1ecbch v\u1ee5"}]},{"@type":"WebSite","@id":"https:\/\/innolivingusa.com\/#website","url":"https:\/\/innolivingusa.com\/","name":"INNOLIVING USA","description":"INNOLIVING USA","publisher":{"@id":"https:\/\/innolivingusa.com\/#organization"},"potentialAction":[{"@type":"SearchAction","target":{"@type":"EntryPoint","urlTemplate":"https:\/\/innolivingusa.com\/?s={search_term_string}"},"query-input":"required name=search_term_string"}],"inLanguage":"en-US"},{"@type":"Organization","@id":"https:\/\/innolivingusa.com\/#organization","name":"INNOLIVING USA","url":"https:\/\/innolivingusa.com\/","logo":{"@type":"ImageObject","inLanguage":"en-US","@id":"https:\/\/innolivingusa.com\/#\/schema\/logo\/image\/","url":"https:\/\/innolivingusa.com\/wp-content\/uploads\/2024\/01\/logo-innolivingusa.png","contentUrl":"https:\/\/innolivingusa.com\/wp-content\/uploads\/2024\/01\/logo-innolivingusa.png","width":1214,"height":614,"caption":"INNOLIVING USA"},"image":{"@id":"https:\/\/innolivingusa.com\/#\/schema\/logo\/image\/"}}]}},"_links":{"self":[{"href":"https:\/\/innolivingusa.com\/en\/wp-json\/wp\/v2\/pages\/3900"}],"collection":[{"href":"https:\/\/innolivingusa.com\/en\/wp-json\/wp\/v2\/pages"}],"about":[{"href":"https:\/\/innolivingusa.com\/en\/wp-json\/wp\/v2\/types\/page"}],"author":[{"embeddable":true,"href":"https:\/\/innolivingusa.com\/en\/wp-json\/wp\/v2\/users\/1"}],"replies":[{"embeddable":true,"href":"https:\/\/innolivingusa.com\/en\/wp-json\/wp\/v2\/comments?post=3900"}],"version-history":[{"count":7,"href":"https:\/\/innolivingusa.com\/en\/wp-json\/wp\/v2\/pages\/3900\/revisions"}],"predecessor-version":[{"id":3914,"href":"https:\/\/innolivingusa.com\/en\/wp-json\/wp\/v2\/pages\/3900\/revisions\/3914"}],"wp:attachment":[{"href":"https:\/\/innolivingusa.com\/en\/wp-json\/wp\/v2\/media?parent=3900"}],"curies":[{"name":"wp","href":"https:\/\/api.w.org\/{rel}","templated":true}]}}